{"id":5354,"date":"2026-02-18T15:41:59","date_gmt":"2026-02-18T15:41:59","guid":{"rendered":"https:\/\/negociosemexame.ao\/?page_id=5354"},"modified":"2026-02-18T15:43:03","modified_gmt":"2026-02-18T15:43:03","slug":"politica-de-privacidade","status":"publish","type":"page","link":"https:\/\/negociosemexame.ao\/index.php\/politica-de-privacidade\/","title":{"rendered":"Pol\u00edtica de Privacidade"},"content":{"rendered":"\t\t<div data-elementor-type=\"wp-page\" data-elementor-id=\"5354\" class=\"elementor elementor-5354\">\n\t\t\t\t<div class=\"elementor-element elementor-element-419cea6 e-flex e-con-boxed e-con e-parent\" data-id=\"419cea6\" data-element_type=\"container\" data-e-type=\"container\">\n\t\t\t\t\t<div class=\"e-con-inner\">\n\t\t<div class=\"elementor-element elementor-element-60209a1 e-con-full e-flex e-con e-child\" data-id=\"60209a1\" data-element_type=\"container\" data-e-type=\"container\">\n\t\t\t\t<div class=\"elementor-element elementor-element-c08c013 elementor-widget elementor-widget-heading\" data-id=\"c08c013\" data-element_type=\"widget\" data-e-type=\"widget\" data-widget_type=\"heading.default\">\n\t\t\t\t<div class=\"elementor-widget-container\">\n\t\t\t\t\t<h2 class=\"elementor-heading-title elementor-size-default\">Pol\u00edtica de Privacidade <\/h2>\t\t\t\t<\/div>\n\t\t\t\t<\/div>\n\t\t\t\t<\/div>\n\t\t\t\t<div class=\"elementor-element elementor-element-6f33cbe elementor-widget elementor-widget-text-editor\" data-id=\"6f33cbe\" data-element_type=\"widget\" data-e-type=\"widget\" data-widget_type=\"text-editor.default\">\n\t\t\t\t<div class=\"elementor-widget-container\">\n\t\t\t\t\t\t\t\t\t<p><strong><br \/>1. Introdu\u00e7\u00e3o<br \/><\/strong><br \/>A Socijornal, propriet\u00e1ria do site opais.ao, compromete-se a proteger a privacidade dos<br \/>seus utilizadores. Esta Pol\u00edtica de Privacidade explica como recolhemos, utilizamos,<br \/>armazenamos e protegemos os seus dados pessoais.<\/p><p><strong>2. Dados que Recolhemos<\/strong><br \/>Recolhemos informa\u00e7\u00f5es que nos fornece diretamente, como nome, email, e outras<br \/>informa\u00e7\u00f5es de contacto quando se regista ou interage com o site. Tamb\u00e9m podemos<br \/>recolher dados automaticamente, como endere\u00e7o IP, tipo de navegador e<br \/>comportamento de navega\u00e7\u00e3o.<\/p><p><strong>3. Utiliza\u00e7\u00e3o dos Dados<\/strong><br \/>Os dados recolhidos s\u00e3o utilizados para:<br \/>\u00a0Fornecer e melhorar os nossos servi\u00e7os;<br \/>Comunicar informa\u00e7\u00f5es importantes, atualiza\u00e7\u00f5es e promo\u00e7\u00f5es;<br \/>Garantir a seguran\u00e7a e integridade do site;<br \/>Cumprir obriga\u00e7\u00f5es legais.<\/p><p><strong>4. Partilha de Dados<\/strong><br \/>N\u00e3o vendemos nem alugamos os seus dados pessoais a terceiros. Podemos partilhar<br \/>informa\u00e7\u00f5es com fornecedores de servi\u00e7os que nos auxiliam na opera\u00e7\u00e3o do site,<br \/>sempre sob obriga\u00e7\u00f5es de confidencialidade.<\/p><p><strong>5. Seguran\u00e7a dos Dados<\/strong><br \/>Implementamos medidas t\u00e9cnicas e organizacionais para proteger os seus dados contra<br \/>acesso n\u00e3o autorizado, perda ou destrui\u00e7\u00e3o.<\/p><p><strong>6. Direitos dos Utilizadores<\/strong><br \/>Tem direito a aceder, corrigir, eliminar ou restringir o tratamento dos seus dados<br \/>pessoais. Pode tamb\u00e9m retirar o consentimento dado para o tratamento dos seus dados a<br \/>qualquer momento.<\/p><p><strong>7. Cookies<\/strong><br \/>Utilizamos cookies para melhorar a experi\u00eancia do utilizador, analisar o tr\u00e1fego do site e<br \/>personalizar conte\u00fados. Consulte a nossa Pol\u00edtica de Cookies para mais detalhes.<\/p><p><strong>8. Altera\u00e7\u00f5es \u00e0 Pol\u00edtica de Privacidade<\/strong><br \/>Podemos atualizar esta Pol\u00edtica de Privacidade periodicamente. As altera\u00e7\u00f5es ser\u00e3o<br \/>publicadas no site e entrar\u00e3o em vigor imediatamente.<\/p><p><strong>9. Contacto<\/strong><br \/>Se tiver alguma quest\u00e3o sobre esta Pol\u00edtica de Cookies ou a forma como a Socijornal<br \/>utiliza os seus dados pessoais entre em contacto connosco atrav\u00e9s do email <strong>info@opais.co.ao<\/strong><\/p>\t\t\t\t\t\t\t\t<\/div>\n\t\t\t\t<\/div>\n\t\t\t\t\t<\/div>\n\t\t\t\t<\/div>\n\t\t\t\t<\/div>\n\t\t","protected":false},"excerpt":{"rendered":"<p>Pol\u00edtica de Privacidade 1. Introdu\u00e7\u00e3oA Socijornal, propriet\u00e1ria do site opais.ao, compromete-se a proteger a privacidade dosseus utilizadores. Esta Pol\u00edtica de Privacidade explica como recolhemos, utilizamos,armazenamos e protegemos os seus dados pessoais. 2. Dados que RecolhemosRecolhemos informa\u00e7\u00f5es que nos fornece diretamente, como nome, email, e outrasinforma\u00e7\u00f5es de contacto quando se regista ou interage com o site. [&hellip;]<\/p>\n","protected":false},"author":2,"featured_media":0,"parent":0,"menu_order":0,"comment_status":"closed","ping_status":"closed","template":"elementor_header_footer","meta":{"jnews_page_loop":[],"jnews_single_page":[],"footnotes":""},"class_list":["post-5354","page","type-page","status-publish","hentry"],"_links":{"self":[{"href":"https:\/\/negociosemexame.ao\/index.php\/wp-json\/wp\/v2\/pages\/5354","targetHints":{"allow":["GET"]}}],"collection":[{"href":"https:\/\/negociosemexame.ao\/index.php\/wp-json\/wp\/v2\/pages"}],"about":[{"href":"https:\/\/negociosemexame.ao\/index.php\/wp-json\/wp\/v2\/types\/page"}],"author":[{"embeddable":true,"href":"https:\/\/negociosemexame.ao\/index.php\/wp-json\/wp\/v2\/users\/2"}],"replies":[{"embeddable":true,"href":"https:\/\/negociosemexame.ao\/index.php\/wp-json\/wp\/v2\/comments?post=5354"}],"version-history":[{"count":4,"href":"https:\/\/negociosemexame.ao\/index.php\/wp-json\/wp\/v2\/pages\/5354\/revisions"}],"predecessor-version":[{"id":5358,"href":"https:\/\/negociosemexame.ao\/index.php\/wp-json\/wp\/v2\/pages\/5354\/revisions\/5358"}],"wp:attachment":[{"href":"https:\/\/negociosemexame.ao\/index.php\/wp-json\/wp\/v2\/media?parent=5354"}],"curies":[{"name":"wp","href":"https:\/\/api.w.org\/{rel}","templated":true}]}}